{"id":1353,"date":"2022-04-28T00:27:43","date_gmt":"2022-04-27T22:27:43","guid":{"rendered":"http:\/\/justart.es\/?page_id=1353"},"modified":"2022-04-28T00:33:37","modified_gmt":"2022-04-27T22:33:37","slug":"gracias-por-comprar","status":"publish","type":"page","link":"https:\/\/justart.es\/de\/gracias-por-comprar\/","title":{"rendered":"Gracias Por Comprar"},"content":{"rendered":"<div data-elementor-type=\"wp-page\" data-elementor-id=\"1353\" class=\"elementor elementor-1353\" data-elementor-post-type=\"page\">\n\t\t\t\t\t\t<section class=\"elementor-section elementor-top-section elementor-element elementor-element-6557068c elementor-section-stretched elementor-section-height-full elementor-section-boxed elementor-section-height-default elementor-section-items-middle\" data-id=\"6557068c\" data-element_type=\"section\" data-e-type=\"section\" data-settings=\"{&quot;stretch_section&quot;:&quot;section-stretched&quot;,&quot;background_background&quot;:&quot;classic&quot;}\">\n\t\t\t\t\t\t<div class=\"elementor-container elementor-column-gap-default\">\n\t\t\t\t\t<div class=\"elementor-column elementor-col-100 elementor-top-column elementor-element elementor-element-b9d04d7\" data-id=\"b9d04d7\" data-element_type=\"column\" data-e-type=\"column\">\n\t\t\t<div class=\"elementor-widget-wrap elementor-element-populated\">\n\t\t\t\t\t\t<div class=\"elementor-element elementor-element-105e48f3 elementor-widget elementor-widget-heading\" data-id=\"105e48f3\" data-element_type=\"widget\" data-e-type=\"widget\" data-widget_type=\"heading.default\">\n\t\t\t\t<div class=\"elementor-widget-container\">\n\t\t\t\t\t<h1 class=\"elementor-heading-title elementor-size-default\">Vielen Dank f\u00fcr Ihren Kauf<\/h1>\t\t\t\t<\/div>\n\t\t\t\t<\/div>\n\t\t\t\t<div class=\"elementor-element elementor-element-3baebf36 elementor-widget elementor-widget-text-editor\" data-id=\"3baebf36\" data-element_type=\"widget\" data-e-type=\"widget\" data-widget_type=\"text-editor.default\">\n\t\t\t\t<div class=\"elementor-widget-container\">\n\t\t\t\t\t\t\t\t\t<p>\u00dcberpr\u00fcfen Sie in den n\u00e4chsten 24\/48 Stunden Ihren Posteingang, Spam und Junk-Mail.<\/p>\t\t\t\t\t\t\t\t<\/div>\n\t\t\t\t<\/div>\n\t\t\t\t<section class=\"elementor-section elementor-inner-section elementor-element elementor-element-2aae1f41 elementor-section-full_width elementor-section-height-default elementor-section-height-default\" data-id=\"2aae1f41\" data-element_type=\"section\" data-e-type=\"section\">\n\t\t\t\t\t\t<div class=\"elementor-container elementor-column-gap-default\">\n\t\t\t\t\t<div class=\"elementor-column elementor-col-33 elementor-inner-column elementor-element elementor-element-1c992633\" data-id=\"1c992633\" data-element_type=\"column\" data-e-type=\"column\" data-settings=\"{&quot;background_background&quot;:&quot;classic&quot;}\">\n\t\t\t<div class=\"elementor-widget-wrap elementor-element-populated\">\n\t\t\t\t\t\t<div class=\"elementor-element elementor-element-4874326 elementor-widget elementor-widget-text-editor\" data-id=\"4874326\" data-element_type=\"widget\" data-e-type=\"widget\" data-widget_type=\"text-editor.default\">\n\t\t\t\t<div class=\"elementor-widget-container\">\n\t\t\t\t\t\t\t\t\t<p>1.<\/p>\t\t\t\t\t\t\t\t<\/div>\n\t\t\t\t<\/div>\n\t\t\t\t<div class=\"elementor-element elementor-element-1c53af45 elementor-widget elementor-widget-heading\" data-id=\"1c53af45\" data-element_type=\"widget\" data-e-type=\"widget\" data-widget_type=\"heading.default\">\n\t\t\t\t<div class=\"elementor-widget-container\">\n\t\t\t\t\t<h3 class=\"elementor-heading-title elementor-size-default\">Pr\u00fcfen Sie Ihre E-Mail<\/h3>\t\t\t\t<\/div>\n\t\t\t\t<\/div>\n\t\t\t\t<div class=\"elementor-element elementor-element-53161a15 elementor-widget elementor-widget-text-editor\" data-id=\"53161a15\" data-element_type=\"widget\" data-e-type=\"widget\" data-widget_type=\"text-editor.default\">\n\t\t\t\t<div class=\"elementor-widget-container\">\n\t\t\t\t\t\t\t\t\t<p>Warten Sie ein paar Minuten und \u00fcberpr\u00fcfen Sie Ihre E-Mail auf Ihre Kaufbest\u00e4tigung.<\/p>\t\t\t\t\t\t\t\t<\/div>\n\t\t\t\t<\/div>\n\t\t\t\t\t<\/div>\n\t\t<\/div>\n\t\t\t\t<div class=\"elementor-column elementor-col-33 elementor-inner-column elementor-element elementor-element-59c61a50\" data-id=\"59c61a50\" data-element_type=\"column\" data-e-type=\"column\" data-settings=\"{&quot;background_background&quot;:&quot;classic&quot;}\">\n\t\t\t<div class=\"elementor-widget-wrap elementor-element-populated\">\n\t\t\t\t\t\t<div class=\"elementor-element elementor-element-5f818b63 elementor-widget elementor-widget-text-editor\" data-id=\"5f818b63\" data-element_type=\"widget\" data-e-type=\"widget\" data-widget_type=\"text-editor.default\">\n\t\t\t\t<div class=\"elementor-widget-container\">\n\t\t\t\t\t\t\t\t\t<p>2.<\/p>\t\t\t\t\t\t\t\t<\/div>\n\t\t\t\t<\/div>\n\t\t\t\t<div class=\"elementor-element elementor-element-4c3c2600 elementor-widget elementor-widget-heading\" data-id=\"4c3c2600\" data-element_type=\"widget\" data-e-type=\"widget\" data-widget_type=\"heading.default\">\n\t\t\t\t<div class=\"elementor-widget-container\">\n\t\t\t\t\t<h3 class=\"elementor-heading-title elementor-size-default\">Innerhalb von 2 \/ 3 Tagen versenden wir die Bestellung<\/h3>\t\t\t\t<\/div>\n\t\t\t\t<\/div>\n\t\t\t\t<div class=\"elementor-element elementor-element-6d3aeb08 elementor-widget elementor-widget-text-editor\" data-id=\"6d3aeb08\" data-element_type=\"widget\" data-e-type=\"widget\" data-widget_type=\"text-editor.default\">\n\t\t\t\t<div class=\"elementor-widget-container\">\n\t\t\t\t\t\t\t\t\t<p>In 2 bis 3 Tagen schicken wir Ihre Bestellung ab, damit Sie sie so schnell wie m\u00f6glich erhalten k\u00f6nnen.<\/p>\t\t\t\t\t\t\t\t<\/div>\n\t\t\t\t<\/div>\n\t\t\t\t\t<\/div>\n\t\t<\/div>\n\t\t\t\t<div class=\"elementor-column elementor-col-33 elementor-inner-column elementor-element elementor-element-51b2acbb\" data-id=\"51b2acbb\" data-element_type=\"column\" data-e-type=\"column\" data-settings=\"{&quot;background_background&quot;:&quot;classic&quot;}\">\n\t\t\t<div class=\"elementor-widget-wrap elementor-element-populated\">\n\t\t\t\t\t\t<div class=\"elementor-element elementor-element-11197276 elementor-widget elementor-widget-text-editor\" data-id=\"11197276\" data-element_type=\"widget\" data-e-type=\"widget\" data-widget_type=\"text-editor.default\">\n\t\t\t\t<div class=\"elementor-widget-container\">\n\t\t\t\t\t\t\t\t\t<p>3.<\/p>\t\t\t\t\t\t\t\t<\/div>\n\t\t\t\t<\/div>\n\t\t\t\t<div class=\"elementor-element elementor-element-6a3fcfa3 elementor-widget elementor-widget-heading\" data-id=\"6a3fcfa3\" data-element_type=\"widget\" data-e-type=\"widget\" data-widget_type=\"heading.default\">\n\t\t\t\t<div class=\"elementor-widget-container\">\n\t\t\t\t\t<h3 class=\"elementor-heading-title elementor-size-default\">Genie\u00dfen Sie das Bild<\/h3>\t\t\t\t<\/div>\n\t\t\t\t<\/div>\n\t\t\t\t<div class=\"elementor-element elementor-element-729d2a41 elementor-widget elementor-widget-text-editor\" data-id=\"729d2a41\" data-element_type=\"widget\" data-e-type=\"widget\" data-widget_type=\"text-editor.default\">\n\t\t\t\t<div class=\"elementor-widget-container\">\n\t\t\t\t\t\t\t\t\t<p>Jetzt brauchen Sie nur noch zu warten, und sobald es ankommt, k\u00f6nnen Sie es genie\u00dfen. Wenn Sie Fragen haben, k\u00f6nnen Sie uns kontaktieren.<\/p>\t\t\t\t\t\t\t\t<\/div>\n\t\t\t\t<\/div>\n\t\t\t\t\t<\/div>\n\t\t<\/div>\n\t\t\t\t\t<\/div>\n\t\t<\/section>\n\t\t\t\t<section class=\"elementor-section elementor-inner-section elementor-element elementor-element-c3f91f0 elementor-section-full_width elementor-section-height-default elementor-section-height-default\" data-id=\"c3f91f0\" data-element_type=\"section\" data-e-type=\"section\">\n\t\t\t\t\t\t<div class=\"elementor-container elementor-column-gap-default\">\n\t\t\t\t\t<div class=\"elementor-column elementor-col-100 elementor-inner-column elementor-element elementor-element-1e3f9c7\" data-id=\"1e3f9c7\" data-element_type=\"column\" data-e-type=\"column\" data-settings=\"{&quot;background_background&quot;:&quot;classic&quot;}\">\n\t\t\t<div class=\"elementor-widget-wrap elementor-element-populated\">\n\t\t\t\t\t\t<div class=\"elementor-element elementor-element-dc439da elementor-align-justify elementor-widget elementor-widget-button\" data-id=\"dc439da\" data-element_type=\"widget\" data-e-type=\"widget\" data-widget_type=\"button.default\">\n\t\t\t\t<div class=\"elementor-widget-container\">\n\t\t\t\t\t\t\t\t\t<div class=\"elementor-button-wrapper\">\n\t\t\t\t\t<a class=\"elementor-button elementor-button-link elementor-size-md\" href=\"http:\/\/justart.es\/de\/\">\n\t\t\t\t\t\t<span class=\"elementor-button-content-wrapper\">\n\t\t\t\t\t\t\t\t\t<span class=\"elementor-button-text\">Zur\u00fcck zum Anfang<\/span>\n\t\t\t\t\t<\/span>\n\t\t\t\t\t<\/a>\n\t\t\t\t<\/div>\n\t\t\t\t\t\t\t\t<\/div>\n\t\t\t\t<\/div>\n\t\t\t\t\t<\/div>\n\t\t<\/div>\n\t\t\t\t\t<\/div>\n\t\t<\/section>\n\t\t\t\t\t<\/div>\n\t\t<\/div>\n\t\t\t\t\t<\/div>\n\t\t<\/section>\n\t\t\t\t<\/div>","protected":false},"excerpt":{"rendered":"<p>Gracias por comprar Revisa tu bandeja de correo, Spam y correo no deseado en las pr\u00f3ximas 24\/48 horas. 1. Comprueba tu email Espera unos minutos y revisa tu correo electr\u00f3nico donde encontrar\u00e1s tu correo de confirmaci\u00f3n de compra 2. En los 2 \/ 3 d\u00edas enviamos el pedido En 2 o 3 d\u00edas enviaremos tu [&hellip;]<\/p>\n","protected":false},"author":2,"featured_media":0,"parent":0,"menu_order":0,"comment_status":"closed","ping_status":"closed","template":"","meta":{"ocean_post_layout":"full-width","ocean_both_sidebars_style":"","ocean_both_sidebars_content_width":0,"ocean_both_sidebars_sidebars_width":0,"ocean_sidebar":"0","ocean_second_sidebar":"0","ocean_disable_margins":"enable","ocean_add_body_class":"","ocean_shortcode_before_top_bar":"","ocean_shortcode_after_top_bar":"","ocean_shortcode_before_header":"","ocean_shortcode_after_header":"","ocean_has_shortcode":"","ocean_shortcode_after_title":"","ocean_shortcode_before_footer_widgets":"","ocean_shortcode_after_footer_widgets":"","ocean_shortcode_before_footer_bottom":"","ocean_shortcode_after_footer_bottom":"","ocean_display_top_bar":"off","ocean_display_header":"off","ocean_header_style":"","ocean_center_header_left_menu":"0","ocean_custom_header_template":"0","ocean_custom_logo":0,"ocean_custom_retina_logo":0,"ocean_custom_logo_max_width":0,"ocean_custom_logo_tablet_max_width":0,"ocean_custom_logo_mobile_max_width":0,"ocean_custom_logo_max_height":0,"ocean_custom_logo_tablet_max_height":0,"ocean_custom_logo_mobile_max_height":0,"ocean_header_custom_menu":"0","ocean_menu_typo_font_family":"0","ocean_menu_typo_font_subset":"","ocean_menu_typo_font_size":0,"ocean_menu_typo_font_size_tablet":0,"ocean_menu_typo_font_size_mobile":0,"ocean_menu_typo_font_size_unit":"px","ocean_menu_typo_font_weight":"","ocean_menu_typo_font_weight_tablet":"","ocean_menu_typo_font_weight_mobile":"","ocean_menu_typo_transform":"","ocean_menu_typo_transform_tablet":"","ocean_menu_typo_transform_mobile":"","ocean_menu_typo_line_height":0,"ocean_menu_typo_line_height_tablet":0,"ocean_menu_typo_line_height_mobile":0,"ocean_menu_typo_line_height_unit":"","ocean_menu_typo_spacing":0,"ocean_menu_typo_spacing_tablet":0,"ocean_menu_typo_spacing_mobile":0,"ocean_menu_typo_spacing_unit":"","ocean_menu_link_color":"","ocean_menu_link_color_hover":"","ocean_menu_link_color_active":"","ocean_menu_link_background":"","ocean_menu_link_hover_background":"","ocean_menu_link_active_background":"","ocean_menu_social_links_bg":"","ocean_menu_social_hover_links_bg":"","ocean_menu_social_links_color":"","ocean_menu_social_hover_links_color":"","ocean_disable_title":"on","ocean_disable_heading":"default","ocean_post_title":"","ocean_post_subheading":"","ocean_post_title_style":"","ocean_post_title_background_color":"","ocean_post_title_background":0,"ocean_post_title_bg_image_position":"","ocean_post_title_bg_image_attachment":"","ocean_post_title_bg_image_repeat":"","ocean_post_title_bg_image_size":"","ocean_post_title_height":0,"ocean_post_title_bg_overlay":0.5,"ocean_post_title_bg_overlay_color":"","ocean_disable_breadcrumbs":"off","ocean_breadcrumbs_color":"","ocean_breadcrumbs_separator_color":"","ocean_breadcrumbs_links_color":"","ocean_breadcrumbs_links_hover_color":"","ocean_display_footer_widgets":"default","ocean_display_footer_bottom":"off","ocean_custom_footer_template":"0","footnotes":""},"class_list":["post-1353","page","type-page","status-publish","hentry","entry","owp-thumbs-layout-horizontal","owp-btn-normal","owp-tabs-layout-horizontal","has-no-thumbnails","has-product-nav"],"yoast_head":"<!-- This site is optimized with the Yoast SEO plugin v27.5 - https:\/\/yoast.com\/product\/yoast-seo-wordpress\/ -->\n<title>Gracias Por Comprar - Just ART<\/title>\n<meta name=\"robots\" content=\"index, follow, max-snippet:-1, max-image-preview:large, max-video-preview:-1\" \/>\n<link rel=\"canonical\" href=\"https:\/\/justart.es\/de\/gracias-por-comprar\/\" \/>\n<meta property=\"og:locale\" content=\"de_DE\" \/>\n<meta property=\"og:type\" content=\"article\" \/>\n<meta property=\"og:title\" content=\"Gracias Por Comprar - Just ART\" \/>\n<meta property=\"og:description\" content=\"Gracias por comprar Revisa tu bandeja de correo, Spam y correo no deseado en las pr\u00f3ximas 24\/48 horas. 1. Comprueba tu email Espera unos minutos y revisa tu correo electr\u00f3nico donde encontrar\u00e1s tu correo de confirmaci\u00f3n de compra 2. En los 2 \/ 3 d\u00edas enviamos el pedido En 2 o 3 d\u00edas enviaremos tu [&hellip;]\" \/>\n<meta property=\"og:url\" content=\"https:\/\/justart.es\/de\/gracias-por-comprar\/\" \/>\n<meta property=\"og:site_name\" content=\"Just ART\" \/>\n<meta property=\"article:publisher\" content=\"http:\/\/www.justart.es\/wp-content\/gallery\/sociales\/facebook_hover.png\" \/>\n<meta property=\"article:modified_time\" content=\"2022-04-27T22:33:37+00:00\" \/>\n<meta name=\"twitter:card\" content=\"summary_large_image\" \/>\n<meta name=\"twitter:label1\" content=\"Gesch\u00e4tzte Lesezeit\" \/>\n\t<meta name=\"twitter:data1\" content=\"1\u00a0Minute\" \/>\n<script type=\"application\/ld+json\" class=\"yoast-schema-graph\">{\"@context\":\"https:\\\/\\\/schema.org\",\"@graph\":[{\"@type\":\"WebPage\",\"@id\":\"https:\\\/\\\/justart.es\\\/gracias-por-comprar\\\/\",\"url\":\"https:\\\/\\\/justart.es\\\/gracias-por-comprar\\\/\",\"name\":\"Gracias Por Comprar - Just ART\",\"isPartOf\":{\"@id\":\"https:\\\/\\\/justart.es\\\/#website\"},\"datePublished\":\"2022-04-27T22:27:43+00:00\",\"dateModified\":\"2022-04-27T22:33:37+00:00\",\"breadcrumb\":{\"@id\":\"https:\\\/\\\/justart.es\\\/gracias-por-comprar\\\/#breadcrumb\"},\"inLanguage\":\"de\",\"potentialAction\":[{\"@type\":\"ReadAction\",\"target\":[\"https:\\\/\\\/justart.es\\\/gracias-por-comprar\\\/\"]}]},{\"@type\":\"BreadcrumbList\",\"@id\":\"https:\\\/\\\/justart.es\\\/gracias-por-comprar\\\/#breadcrumb\",\"itemListElement\":[{\"@type\":\"ListItem\",\"position\":1,\"name\":\"Portada\",\"item\":\"https:\\\/\\\/justart.es\\\/\"},{\"@type\":\"ListItem\",\"position\":2,\"name\":\"Gracias Por Comprar\"}]},{\"@type\":\"WebSite\",\"@id\":\"https:\\\/\\\/justart.es\\\/#website\",\"url\":\"https:\\\/\\\/justart.es\\\/\",\"name\":\"Just ART\",\"description\":\"Galer\u00eda de Arte en Valldemossa\",\"publisher\":{\"@id\":\"https:\\\/\\\/justart.es\\\/#organization\"},\"potentialAction\":[{\"@type\":\"SearchAction\",\"target\":{\"@type\":\"EntryPoint\",\"urlTemplate\":\"https:\\\/\\\/justart.es\\\/?s={search_term_string}\"},\"query-input\":{\"@type\":\"PropertyValueSpecification\",\"valueRequired\":true,\"valueName\":\"search_term_string\"}}],\"inLanguage\":\"de\"},{\"@type\":\"Organization\",\"@id\":\"https:\\\/\\\/justart.es\\\/#organization\",\"name\":\"JustART\",\"url\":\"https:\\\/\\\/justart.es\\\/\",\"logo\":{\"@type\":\"ImageObject\",\"inLanguage\":\"de\",\"@id\":\"https:\\\/\\\/justart.es\\\/#\\\/schema\\\/logo\\\/image\\\/\",\"url\":\"https:\\\/\\\/i0.wp.com\\\/justart.es\\\/wp-content\\\/uploads\\\/logojustart.png?fit=442%2C138\",\"contentUrl\":\"https:\\\/\\\/i0.wp.com\\\/justart.es\\\/wp-content\\\/uploads\\\/logojustart.png?fit=442%2C138\",\"width\":442,\"height\":138,\"caption\":\"JustART\"},\"image\":{\"@id\":\"https:\\\/\\\/justart.es\\\/#\\\/schema\\\/logo\\\/image\\\/\"},\"sameAs\":[\"http:\\\/\\\/www.justart.es\\\/wp-content\\\/gallery\\\/sociales\\\/facebook_hover.png\"]}]}<\/script>\n<!-- \/ Yoast SEO plugin. -->","yoast_head_json":{"title":"Gracias Por Comprar - Just ART","robots":{"index":"index","follow":"follow","max-snippet":"max-snippet:-1","max-image-preview":"max-image-preview:large","max-video-preview":"max-video-preview:-1"},"canonical":"https:\/\/justart.es\/de\/gracias-por-comprar\/","og_locale":"de_DE","og_type":"article","og_title":"Gracias Por Comprar - Just ART","og_description":"Gracias por comprar Revisa tu bandeja de correo, Spam y correo no deseado en las pr\u00f3ximas 24\/48 horas. 1. Comprueba tu email Espera unos minutos y revisa tu correo electr\u00f3nico donde encontrar\u00e1s tu correo de confirmaci\u00f3n de compra 2. En los 2 \/ 3 d\u00edas enviamos el pedido En 2 o 3 d\u00edas enviaremos tu [&hellip;]","og_url":"https:\/\/justart.es\/de\/gracias-por-comprar\/","og_site_name":"Just ART","article_publisher":"http:\/\/www.justart.es\/wp-content\/gallery\/sociales\/facebook_hover.png","article_modified_time":"2022-04-27T22:33:37+00:00","twitter_card":"summary_large_image","twitter_misc":{"Gesch\u00e4tzte Lesezeit":"1\u00a0Minute"},"schema":{"@context":"https:\/\/schema.org","@graph":[{"@type":"WebPage","@id":"https:\/\/justart.es\/gracias-por-comprar\/","url":"https:\/\/justart.es\/gracias-por-comprar\/","name":"Gracias Por Comprar - Just ART","isPartOf":{"@id":"https:\/\/justart.es\/#website"},"datePublished":"2022-04-27T22:27:43+00:00","dateModified":"2022-04-27T22:33:37+00:00","breadcrumb":{"@id":"https:\/\/justart.es\/gracias-por-comprar\/#breadcrumb"},"inLanguage":"de","potentialAction":[{"@type":"ReadAction","target":["https:\/\/justart.es\/gracias-por-comprar\/"]}]},{"@type":"BreadcrumbList","@id":"https:\/\/justart.es\/gracias-por-comprar\/#breadcrumb","itemListElement":[{"@type":"ListItem","position":1,"name":"Portada","item":"https:\/\/justart.es\/"},{"@type":"ListItem","position":2,"name":"Gracias Por Comprar"}]},{"@type":"WebSite","@id":"https:\/\/justart.es\/#website","url":"https:\/\/justart.es\/","name":"Just ART","description":"Galer\u00eda de Arte en Valldemossa","publisher":{"@id":"https:\/\/justart.es\/#organization"},"potentialAction":[{"@type":"SearchAction","target":{"@type":"EntryPoint","urlTemplate":"https:\/\/justart.es\/?s={search_term_string}"},"query-input":{"@type":"PropertyValueSpecification","valueRequired":true,"valueName":"search_term_string"}}],"inLanguage":"de"},{"@type":"Organization","@id":"https:\/\/justart.es\/#organization","name":"JustART","url":"https:\/\/justart.es\/","logo":{"@type":"ImageObject","inLanguage":"de","@id":"https:\/\/justart.es\/#\/schema\/logo\/image\/","url":"https:\/\/i0.wp.com\/justart.es\/wp-content\/uploads\/logojustart.png?fit=442%2C138","contentUrl":"https:\/\/i0.wp.com\/justart.es\/wp-content\/uploads\/logojustart.png?fit=442%2C138","width":442,"height":138,"caption":"JustART"},"image":{"@id":"https:\/\/justart.es\/#\/schema\/logo\/image\/"},"sameAs":["http:\/\/www.justart.es\/wp-content\/gallery\/sociales\/facebook_hover.png"]}]}},"jetpack_sharing_enabled":true,"_links":{"self":[{"href":"https:\/\/justart.es\/de\/wp-json\/wp\/v2\/pages\/1353","targetHints":{"allow":["GET"]}}],"collection":[{"href":"https:\/\/justart.es\/de\/wp-json\/wp\/v2\/pages"}],"about":[{"href":"https:\/\/justart.es\/de\/wp-json\/wp\/v2\/types\/page"}],"author":[{"embeddable":true,"href":"https:\/\/justart.es\/de\/wp-json\/wp\/v2\/users\/2"}],"replies":[{"embeddable":true,"href":"https:\/\/justart.es\/de\/wp-json\/wp\/v2\/comments?post=1353"}],"version-history":[{"count":4,"href":"https:\/\/justart.es\/de\/wp-json\/wp\/v2\/pages\/1353\/revisions"}],"predecessor-version":[{"id":1359,"href":"https:\/\/justart.es\/de\/wp-json\/wp\/v2\/pages\/1353\/revisions\/1359"}],"wp:attachment":[{"href":"https:\/\/justart.es\/de\/wp-json\/wp\/v2\/media?parent=1353"}],"curies":[{"name":"wp","href":"https:\/\/api.w.org\/{rel}","templated":true}]}}