{"id":1537,"date":"2022-06-04T08:53:47","date_gmt":"2022-06-04T06:53:47","guid":{"rendered":"http:\/\/justart.es\/?post_type=product&#038;p=1537"},"modified":"2022-07-06T12:12:35","modified_gmt":"2022-07-06T10:12:35","slug":"la-cardina","status":"publish","type":"product","link":"https:\/\/justart.es\/en\/product\/la-cardina\/","title":{"rendered":"La Cardina"},"content":{"rendered":"<p>TITLE:<\/p>\n<p>La Cardina<\/p>\n<p>AUTHOR<\/p>\n<p>Joan mir\u00f3<\/p>\n<p>MEASUREMENTS<\/p>\n<p>75 x 55 cm<\/p>\n<p>TECHNICAL:<\/p>\n<p>lithograph B.A.T. on paper<\/p>\n<p>BIOGRAPHICAL DETAILS:<\/p>\n<p>Barcelona, Espa\u00f1a (1893) &#8211; Palma, Mallorca (1983)<\/p>\n<p>PRICE ON REQUEST<\/p>\n<p>info@justart.es \/ +34 629 222 630<\/p>","protected":false},"excerpt":{"rendered":"<p>TITULO: La Cardina AUTOR: Joan mir\u00f3 MEDIDAS: 75 x 55 cm T\u00c9CNICA: litografia B.A.T sobre papel DATOS BIOGR\u00c1FICOS: Barcelona, Espa\u00f1a (1893) &#8211; Palma, Mallorca (1983) PRECIO A CONSULTAR info@justart.es \/ +34 629 222 630<\/p>","protected":false},"featured_media":1456,"comment_status":"closed","ping_status":"closed","template":"","meta":{"ocean_post_layout":"","ocean_both_sidebars_style":"","ocean_both_sidebars_content_width":0,"ocean_both_sidebars_sidebars_width":0,"ocean_sidebar":"0","ocean_second_sidebar":"0","ocean_disable_margins":"enable","ocean_add_body_class":"","ocean_shortcode_before_top_bar":"","ocean_shortcode_after_top_bar":"","ocean_shortcode_before_header":"","ocean_shortcode_after_header":"","ocean_has_shortcode":"","ocean_shortcode_after_title":"","ocean_shortcode_before_footer_widgets":"","ocean_shortcode_after_footer_widgets":"","ocean_shortcode_before_footer_bottom":"","ocean_shortcode_after_footer_bottom":"","ocean_display_top_bar":"default","ocean_display_header":"default","ocean_header_style":"","ocean_center_header_left_menu":"0","ocean_custom_header_template":"0","ocean_custom_logo":0,"ocean_custom_retina_logo":0,"ocean_custom_logo_max_width":0,"ocean_custom_logo_tablet_max_width":0,"ocean_custom_logo_mobile_max_width":0,"ocean_custom_logo_max_height":0,"ocean_custom_logo_tablet_max_height":0,"ocean_custom_logo_mobile_max_height":0,"ocean_header_custom_menu":"0","ocean_menu_typo_font_family":"0","ocean_menu_typo_font_subset":"","ocean_menu_typo_font_size":0,"ocean_menu_typo_font_size_tablet":0,"ocean_menu_typo_font_size_mobile":0,"ocean_menu_typo_font_size_unit":"px","ocean_menu_typo_font_weight":"","ocean_menu_typo_font_weight_tablet":"","ocean_menu_typo_font_weight_mobile":"","ocean_menu_typo_transform":"","ocean_menu_typo_transform_tablet":"","ocean_menu_typo_transform_mobile":"","ocean_menu_typo_line_height":0,"ocean_menu_typo_line_height_tablet":0,"ocean_menu_typo_line_height_mobile":0,"ocean_menu_typo_line_height_unit":"","ocean_menu_typo_spacing":0,"ocean_menu_typo_spacing_tablet":0,"ocean_menu_typo_spacing_mobile":0,"ocean_menu_typo_spacing_unit":"","ocean_menu_link_color":"","ocean_menu_link_color_hover":"","ocean_menu_link_color_active":"","ocean_menu_link_background":"","ocean_menu_link_hover_background":"","ocean_menu_link_active_background":"","ocean_menu_social_links_bg":"","ocean_menu_social_hover_links_bg":"","ocean_menu_social_links_color":"","ocean_menu_social_hover_links_color":"","ocean_disable_title":"default","ocean_disable_heading":"default","ocean_post_title":"","ocean_post_subheading":"","ocean_post_title_style":"","ocean_post_title_background_color":"","ocean_post_title_background":0,"ocean_post_title_bg_image_position":"","ocean_post_title_bg_image_attachment":"","ocean_post_title_bg_image_repeat":"","ocean_post_title_bg_image_size":"","ocean_post_title_height":0,"ocean_post_title_bg_overlay":0.5,"ocean_post_title_bg_overlay_color":"","ocean_disable_breadcrumbs":"default","ocean_breadcrumbs_color":"","ocean_breadcrumbs_separator_color":"","ocean_breadcrumbs_links_color":"","ocean_breadcrumbs_links_hover_color":"","ocean_display_footer_widgets":"default","ocean_display_footer_bottom":"default","ocean_custom_footer_template":"0"},"product_brand":[],"product_cat":[121],"product_tag":[],"class_list":{"0":"post-1537","1":"product","2":"type-product","3":"status-publish","4":"has-post-thumbnail","6":"product_cat-contemporaneo","8":"entry","9":"has-media","11":"first","12":"instock","13":"taxable","14":"shipping-taxable","15":"product-type-simple","16":"has-product-nav","17":"col","18":"span_1_of_3","19":"owp-content-center","20":"owp-thumbs-layout-horizontal","21":"owp-btn-normal","22":"owp-tabs-layout-horizontal","23":"has-no-thumbnails"},"yoast_head":"<!-- This site is optimized with the Yoast SEO plugin v27.3 - https:\/\/yoast.com\/product\/yoast-seo-wordpress\/ -->\n<title>La Cardina - Just ART<\/title>\n<meta name=\"robots\" content=\"index, follow, max-snippet:-1, max-image-preview:large, max-video-preview:-1\" \/>\n<link rel=\"canonical\" href=\"https:\/\/justart.es\/en\/product\/la-cardina\/\" \/>\n<meta property=\"og:locale\" content=\"en_GB\" \/>\n<meta property=\"og:type\" content=\"article\" \/>\n<meta property=\"og:title\" content=\"La Cardina - Just ART\" \/>\n<meta property=\"og:description\" content=\"TITULO: La Cardina AUTOR: Joan mir\u00f3 MEDIDAS: 75 x 55 cm T\u00c9CNICA: litografia B.A.T sobre papel DATOS BIOGR\u00c1FICOS: Barcelona, Espa\u00f1a (1893) &#8211; Palma, Mallorca (1983) PRECIO A CONSULTAR info@justart.es \/ +34 629 222 630\" \/>\n<meta property=\"og:url\" content=\"https:\/\/justart.es\/en\/product\/la-cardina\/\" \/>\n<meta property=\"og:site_name\" content=\"Just ART\" \/>\n<meta property=\"article:publisher\" content=\"http:\/\/www.justart.es\/wp-content\/gallery\/sociales\/facebook_hover.png\" \/>\n<meta property=\"article:modified_time\" content=\"2022-07-06T10:12:35+00:00\" \/>\n<meta property=\"og:image\" content=\"https:\/\/justart.es\/wp-content\/uploads\/CMP-32-scaled-e1654325513712.jpg\" \/>\n\t<meta property=\"og:image:width\" content=\"1452\" \/>\n\t<meta property=\"og:image:height\" content=\"1977\" \/>\n\t<meta property=\"og:image:type\" content=\"image\/jpeg\" \/>\n<meta name=\"twitter:card\" content=\"summary_large_image\" \/>\n<script type=\"application\/ld+json\" class=\"yoast-schema-graph\">{\"@context\":\"https:\\\/\\\/schema.org\",\"@graph\":[{\"@type\":\"WebPage\",\"@id\":\"https:\\\/\\\/justart.es\\\/producto\\\/la-cardina\\\/\",\"url\":\"https:\\\/\\\/justart.es\\\/producto\\\/la-cardina\\\/\",\"name\":\"La Cardina - Just ART\",\"isPartOf\":{\"@id\":\"https:\\\/\\\/justart.es\\\/#website\"},\"primaryImageOfPage\":{\"@id\":\"https:\\\/\\\/justart.es\\\/producto\\\/la-cardina\\\/#primaryimage\"},\"image\":{\"@id\":\"https:\\\/\\\/justart.es\\\/producto\\\/la-cardina\\\/#primaryimage\"},\"thumbnailUrl\":\"https:\\\/\\\/justart.es\\\/wp-content\\\/uploads\\\/CMP-32-scaled-e1654325513712.jpg\",\"datePublished\":\"2022-06-04T06:53:47+00:00\",\"dateModified\":\"2022-07-06T10:12:35+00:00\",\"breadcrumb\":{\"@id\":\"https:\\\/\\\/justart.es\\\/producto\\\/la-cardina\\\/#breadcrumb\"},\"inLanguage\":\"en-GB\",\"potentialAction\":[{\"@type\":\"ReadAction\",\"target\":[\"https:\\\/\\\/justart.es\\\/producto\\\/la-cardina\\\/\"]}]},{\"@type\":\"ImageObject\",\"inLanguage\":\"en-GB\",\"@id\":\"https:\\\/\\\/justart.es\\\/producto\\\/la-cardina\\\/#primaryimage\",\"url\":\"https:\\\/\\\/justart.es\\\/wp-content\\\/uploads\\\/CMP-32-scaled-e1654325513712.jpg\",\"contentUrl\":\"https:\\\/\\\/justart.es\\\/wp-content\\\/uploads\\\/CMP-32-scaled-e1654325513712.jpg\",\"width\":1452,\"height\":1977},{\"@type\":\"BreadcrumbList\",\"@id\":\"https:\\\/\\\/justart.es\\\/producto\\\/la-cardina\\\/#breadcrumb\",\"itemListElement\":[{\"@type\":\"ListItem\",\"position\":1,\"name\":\"Portada\",\"item\":\"https:\\\/\\\/justart.es\\\/\"},{\"@type\":\"ListItem\",\"position\":2,\"name\":\"Tienda\",\"item\":\"https:\\\/\\\/justart.es\\\/tienda\\\/\"},{\"@type\":\"ListItem\",\"position\":3,\"name\":\"La Cardina\"}]},{\"@type\":\"WebSite\",\"@id\":\"https:\\\/\\\/justart.es\\\/#website\",\"url\":\"https:\\\/\\\/justart.es\\\/\",\"name\":\"Just ART\",\"description\":\"Galer\u00eda de Arte en Valldemossa\",\"publisher\":{\"@id\":\"https:\\\/\\\/justart.es\\\/#organization\"},\"potentialAction\":[{\"@type\":\"SearchAction\",\"target\":{\"@type\":\"EntryPoint\",\"urlTemplate\":\"https:\\\/\\\/justart.es\\\/?s={search_term_string}\"},\"query-input\":{\"@type\":\"PropertyValueSpecification\",\"valueRequired\":true,\"valueName\":\"search_term_string\"}}],\"inLanguage\":\"en-GB\"},{\"@type\":\"Organization\",\"@id\":\"https:\\\/\\\/justart.es\\\/#organization\",\"name\":\"JustART\",\"url\":\"https:\\\/\\\/justart.es\\\/\",\"logo\":{\"@type\":\"ImageObject\",\"inLanguage\":\"en-GB\",\"@id\":\"https:\\\/\\\/justart.es\\\/#\\\/schema\\\/logo\\\/image\\\/\",\"url\":\"https:\\\/\\\/i0.wp.com\\\/justart.es\\\/wp-content\\\/uploads\\\/logojustart.png?fit=442%2C138\",\"contentUrl\":\"https:\\\/\\\/i0.wp.com\\\/justart.es\\\/wp-content\\\/uploads\\\/logojustart.png?fit=442%2C138\",\"width\":442,\"height\":138,\"caption\":\"JustART\"},\"image\":{\"@id\":\"https:\\\/\\\/justart.es\\\/#\\\/schema\\\/logo\\\/image\\\/\"},\"sameAs\":[\"http:\\\/\\\/www.justart.es\\\/wp-content\\\/gallery\\\/sociales\\\/facebook_hover.png\"]}]}<\/script>\n<!-- \/ Yoast SEO plugin. -->","yoast_head_json":{"title":"La Cardina - Just ART","robots":{"index":"index","follow":"follow","max-snippet":"max-snippet:-1","max-image-preview":"max-image-preview:large","max-video-preview":"max-video-preview:-1"},"canonical":"https:\/\/justart.es\/en\/product\/la-cardina\/","og_locale":"en_GB","og_type":"article","og_title":"La Cardina - Just ART","og_description":"TITULO: La Cardina AUTOR: Joan mir\u00f3 MEDIDAS: 75 x 55 cm T\u00c9CNICA: litografia B.A.T sobre papel DATOS BIOGR\u00c1FICOS: Barcelona, Espa\u00f1a (1893) &#8211; Palma, Mallorca (1983) PRECIO A CONSULTAR info@justart.es \/ +34 629 222 630","og_url":"https:\/\/justart.es\/en\/product\/la-cardina\/","og_site_name":"Just ART","article_publisher":"http:\/\/www.justart.es\/wp-content\/gallery\/sociales\/facebook_hover.png","article_modified_time":"2022-07-06T10:12:35+00:00","og_image":[{"width":1452,"height":1977,"url":"https:\/\/justart.es\/wp-content\/uploads\/CMP-32-scaled-e1654325513712.jpg","type":"image\/jpeg"}],"twitter_card":"summary_large_image","schema":{"@context":"https:\/\/schema.org","@graph":[{"@type":"WebPage","@id":"https:\/\/justart.es\/producto\/la-cardina\/","url":"https:\/\/justart.es\/producto\/la-cardina\/","name":"La Cardina - Just ART","isPartOf":{"@id":"https:\/\/justart.es\/#website"},"primaryImageOfPage":{"@id":"https:\/\/justart.es\/producto\/la-cardina\/#primaryimage"},"image":{"@id":"https:\/\/justart.es\/producto\/la-cardina\/#primaryimage"},"thumbnailUrl":"https:\/\/justart.es\/wp-content\/uploads\/CMP-32-scaled-e1654325513712.jpg","datePublished":"2022-06-04T06:53:47+00:00","dateModified":"2022-07-06T10:12:35+00:00","breadcrumb":{"@id":"https:\/\/justart.es\/producto\/la-cardina\/#breadcrumb"},"inLanguage":"en-GB","potentialAction":[{"@type":"ReadAction","target":["https:\/\/justart.es\/producto\/la-cardina\/"]}]},{"@type":"ImageObject","inLanguage":"en-GB","@id":"https:\/\/justart.es\/producto\/la-cardina\/#primaryimage","url":"https:\/\/justart.es\/wp-content\/uploads\/CMP-32-scaled-e1654325513712.jpg","contentUrl":"https:\/\/justart.es\/wp-content\/uploads\/CMP-32-scaled-e1654325513712.jpg","width":1452,"height":1977},{"@type":"BreadcrumbList","@id":"https:\/\/justart.es\/producto\/la-cardina\/#breadcrumb","itemListElement":[{"@type":"ListItem","position":1,"name":"Portada","item":"https:\/\/justart.es\/"},{"@type":"ListItem","position":2,"name":"Tienda","item":"https:\/\/justart.es\/tienda\/"},{"@type":"ListItem","position":3,"name":"La Cardina"}]},{"@type":"WebSite","@id":"https:\/\/justart.es\/#website","url":"https:\/\/justart.es\/","name":"Just ART","description":"Galer\u00eda de Arte en Valldemossa","publisher":{"@id":"https:\/\/justart.es\/#organization"},"potentialAction":[{"@type":"SearchAction","target":{"@type":"EntryPoint","urlTemplate":"https:\/\/justart.es\/?s={search_term_string}"},"query-input":{"@type":"PropertyValueSpecification","valueRequired":true,"valueName":"search_term_string"}}],"inLanguage":"en-GB"},{"@type":"Organization","@id":"https:\/\/justart.es\/#organization","name":"JustART","url":"https:\/\/justart.es\/","logo":{"@type":"ImageObject","inLanguage":"en-GB","@id":"https:\/\/justart.es\/#\/schema\/logo\/image\/","url":"https:\/\/i0.wp.com\/justart.es\/wp-content\/uploads\/logojustart.png?fit=442%2C138","contentUrl":"https:\/\/i0.wp.com\/justart.es\/wp-content\/uploads\/logojustart.png?fit=442%2C138","width":442,"height":138,"caption":"JustART"},"image":{"@id":"https:\/\/justart.es\/#\/schema\/logo\/image\/"},"sameAs":["http:\/\/www.justart.es\/wp-content\/gallery\/sociales\/facebook_hover.png"]}]}},"jetpack_sharing_enabled":true,"_links":{"self":[{"href":"https:\/\/justart.es\/en\/wp-json\/wp\/v2\/product\/1537","targetHints":{"allow":["GET"]}}],"collection":[{"href":"https:\/\/justart.es\/en\/wp-json\/wp\/v2\/product"}],"about":[{"href":"https:\/\/justart.es\/en\/wp-json\/wp\/v2\/types\/product"}],"replies":[{"embeddable":true,"href":"https:\/\/justart.es\/en\/wp-json\/wp\/v2\/comments?post=1537"}],"wp:featuredmedia":[{"embeddable":true,"href":"https:\/\/justart.es\/en\/wp-json\/wp\/v2\/media\/1456"}],"wp:attachment":[{"href":"https:\/\/justart.es\/en\/wp-json\/wp\/v2\/media?parent=1537"}],"wp:term":[{"taxonomy":"product_brand","embeddable":true,"href":"https:\/\/justart.es\/en\/wp-json\/wp\/v2\/product_brand?post=1537"},{"taxonomy":"product_cat","embeddable":true,"href":"https:\/\/justart.es\/en\/wp-json\/wp\/v2\/product_cat?post=1537"},{"taxonomy":"product_tag","embeddable":true,"href":"https:\/\/justart.es\/en\/wp-json\/wp\/v2\/product_tag?post=1537"}],"curies":[{"name":"wp","href":"https:\/\/api.w.org\/{rel}","templated":true}]}}